{"id":24169,"date":"2024-03-06T23:19:32","date_gmt":"2024-03-06T22:19:32","guid":{"rendered":"https:\/\/lipovica.hr\/proizvodi\/uncategorized\/plano\/"},"modified":"2024-03-25T01:07:44","modified_gmt":"2024-03-25T00:07:44","slug":"plano","status":"publish","type":"product","link":"https:\/\/lipovica.hr\/en\/proizvodi\/radiators\/plano\/","title":{"rendered":"PLANO"},"content":{"rendered":"\t\t<div data-elementor-type=\"wp-post\" data-elementor-id=\"24169\" class=\"elementor elementor-24169 elementor-23624\">\n\t\t\t\t<div class=\"wd-negative-gap elementor-element elementor-element-2f0d357 e-flex e-con-boxed e-con e-parent\" data-id=\"2f0d357\" data-element_type=\"container\" data-e-type=\"container\">\n\t\t\t\t\t<div class=\"e-con-inner\">\n\t\t\t\t<div class=\"elementor-element elementor-element-fbaa851 elementor-widget__width-initial elementor-widget elementor-widget-wd_text_block\" data-id=\"fbaa851\" data-element_type=\"widget\" data-e-type=\"widget\" data-widget_type=\"wd_text_block.default\">\n\t\t\t\t<div class=\"elementor-widget-container\">\n\t\t\t\t\t\t\t<div class=\"wd-text-block reset-last-child text-left\">\n\t\t\t\n\t\t\t<h3>QUALITY<\/h3><p>Radijatori Lipovica su, zahvaljuju\u0107i upotrebi materijala vrhunske kakvo\u0107e u proizvodnom procesu, proizvod iznimne otpornosti i neograni\u010denog vijeka trajanja. Proizvode se tehnologijom tla\u010dnog lijeva od specijalne aluminijske legure koja ima izvrsna mehani\u010dka i korozijska svojstva.<\/p><p>Odli\u010dna korozijska svojstva radijatora su dodatno pobolj\u0161ana dvostrukim bojanjem svakog radijatora. Prvo se radijator boji postupkom anaforeti\u010dkog nano\u0161enja temeljnog laka, a u zavr\u0161noj fazi se radijator \u0161titi elektrostatskim nano\u0161enjem pra\u0161kaste epoksipoliesterske boje.<\/p><p>By continuously monitoring the quality of input raw materials, monitoring the quality of work in all stages of production and final testing of the final product, a radiator of uniform high quality and reliability is obtained.<\/p><p>Lipovica radijatori su proizvedeni, ispitani i plasirani na tr\u017ei\u0161te u skladu sa EN 442. EN 442 je europska norma koja definira, izme\u0111u ostalog, koje karakteristike mora imati aluminijski lijevani radijator da bi se slobodno mogao prodavati na tr\u017ei\u0161tu EU.<\/p>\n\t\t\t\t\t<\/div>\n\t\t\t\t\t\t<\/div>\n\t\t\t\t<\/div>\n\t\t\t\t<div class=\"elementor-element elementor-element-da6c73c elementor-widget__width-initial elementor-widget elementor-widget-wd_image_or_svg\" data-id=\"da6c73c\" data-element_type=\"widget\" data-e-type=\"widget\" data-widget_type=\"wd_image_or_svg.default\">\n\t\t\t\t<div class=\"elementor-widget-container\">\n\t\t\t\t\t\n\t\t<div class=\"wd-image text-left\">\n\t\t\t\t\t\t\t\t\t\t\t\t\t<\/div>\n\n\t\t\t\t\t\t<\/div>\n\t\t\t\t<\/div>\n\t\t\t\t\t<\/div>\n\t\t\t\t<\/div>\n\t\t\t\t<\/div>\n\t\t","protected":false},"excerpt":{"rendered":"<p>PLANO is the newest model of Lipovica radiators, and it was created in response to customer needs for a hygienic radiator.<\/p>\n<p>With its straight and closed lines on the front and back, PLANO is an elegant, modern and unobtrusive choice for any interior.<\/p>\n<p>Thanks to its straight lines, it is the perfect choice for places that require high hygiene standards, given that its maintenance and cleaning is very easy.<\/p>\n<p><strong>PLANO +<\/strong><\/p>\n<p>LIPOVICA, as a leading manufacturer of cast aluminum radiators, has always paid great attention to the needs and wishes of customers and market trends. PLANO+ radiators are the result of such orientation. These are PLANO model radiators designed in a way that enables an elegant and simple connection to installations made in the floor or in the wall and with a built-in regulation valve on the left or right side.  <\/p>\n<p>For each type of PLANO radiator, there are four versions of the PLANO+ product with the following designations:<\/p>\n<ul>\n<li>DP &#8211; installation valve on the right side; connection for installation in the floor<\/li>\n<li>DZ &#8211; built-in valve on the right side; connection for installation in the wall<\/li>\n<li>LP &#8211; built-in valve on the left side; connection for installation in the floor<\/li>\n<li>LZ &#8211; built-in valve on the left side; connection for installation in the wall<\/li>\n<\/ul>\n<p>Each PLANO+ radiator consists of two corresponding radiator sections that have built-in shut-off valves in the lower part. The mentioned shut-off valves enable the connection of the radiator to the heating installation or the disconnection of the radiator from the heating installation, and with the help of the appropriate &#8220;fitting&#8221; they can be connected to all types of pipe installations. The construction itself enables optimal distance of the radiator from the wall or floor. The characteristics of the built-in valve can be seen in the diagram. Automatic regulation is achieved by installing the thermostatic head on the built-in valve.    <\/p>\n<p><strong>PLANO dv<\/strong><\/p>\n<p>Lipovica dv radiators enable radiators to be connected to a central heating system from the above. The dv radiator is connected to a section just as any other column and it can be positioned anywhere in the section depending on the requirement of the area. <\/p>\n<p>Dv radiators are economical solution with a simple connection. We offer you the ability to shoose a corner or straight valve and they make an ideal solution for single-pipe and double-pipe systems. <\/p>\n<div id=\"simple-translate\" class=\"simple-translate-dark-theme\">\n<div>\n<div class=\"simple-translate-button isShow\" style=\"background-image: url('moz-extension:\/\/2d38688d-0571-d341-8eae-aa3af0ad926b\/icons\/512.png'); height: 22px; width: 22px; top: 63px; left: 58px;\"><\/div>\n<div class=\"simple-translate-panel \" style=\"width: 300px; height: 200px; top: 0px; left: 0px; font-size: 13px;\">\n<div class=\"simple-translate-result-wrapper\" style=\"overflow: hidden;\">\n<div class=\"simple-translate-move\" draggable=\"true\"><\/div>\n<div class=\"simple-translate-result-contents\">\n<p class=\"simple-translate-result\" dir=\"auto\">\n<p class=\"simple-translate-candidate\" dir=\"auto\">\n<\/div>\n<\/div>\n<\/div>\n<\/div>\n<\/div>\n","protected":false},"featured_media":24087,"template":"","meta":[],"product_brand":[],"product_cat":[80],"product_tag":[],"class_list":{"0":"post-24169","1":"product","2":"type-product","3":"status-publish","4":"has-post-thumbnail","6":"product_cat-radiators","8":"first","9":"instock","10":"shipping-taxable","11":"product-type-simple"},"_links":{"self":[{"href":"https:\/\/lipovica.hr\/en\/wp-json\/wp\/v2\/product\/24169","targetHints":{"allow":["GET"]}}],"collection":[{"href":"https:\/\/lipovica.hr\/en\/wp-json\/wp\/v2\/product"}],"about":[{"href":"https:\/\/lipovica.hr\/en\/wp-json\/wp\/v2\/types\/product"}],"version-history":[{"count":0,"href":"https:\/\/lipovica.hr\/en\/wp-json\/wp\/v2\/product\/24169\/revisions"}],"wp:featuredmedia":[{"embeddable":true,"href":"https:\/\/lipovica.hr\/en\/wp-json\/wp\/v2\/media\/24087"}],"wp:attachment":[{"href":"https:\/\/lipovica.hr\/en\/wp-json\/wp\/v2\/media?parent=24169"}],"wp:term":[{"taxonomy":"product_brand","embeddable":true,"href":"https:\/\/lipovica.hr\/en\/wp-json\/wp\/v2\/product_brand?post=24169"},{"taxonomy":"product_cat","embeddable":true,"href":"https:\/\/lipovica.hr\/en\/wp-json\/wp\/v2\/product_cat?post=24169"},{"taxonomy":"product_tag","embeddable":true,"href":"https:\/\/lipovica.hr\/en\/wp-json\/wp\/v2\/product_tag?post=24169"}],"curies":[{"name":"wp","href":"https:\/\/api.w.org\/{rel}","templated":true}]}}